{"id":300,"date":"2021-07-14T05:56:42","date_gmt":"2021-07-14T03:56:42","guid":{"rendered":"https:\/\/keymanage.com\/index.php\/contact\/"},"modified":"2023-10-04T13:00:41","modified_gmt":"2023-10-04T11:00:41","slug":"contact","status":"publish","type":"page","link":"https:\/\/keymanage.com\/index.php\/contact\/","title":{"rendered":"Contact"},"content":{"rendered":"\t\t<div data-elementor-type=\"wp-page\" data-elementor-id=\"300\" class=\"elementor elementor-300\">\n\t\t\t\t\t\t<section class=\"elementor-section elementor-top-section elementor-element elementor-element-0532632 elementor-section-content-middle elementor-section-full_width elementor-section-height-default elementor-section-height-default\" data-id=\"0532632\" data-element_type=\"section\" data-e-type=\"section\">\n\t\t\t\t\t\t<div class=\"elementor-container elementor-column-gap-no\">\n\t\t\t\t\t<div class=\"aux-parallax-section elementor-column elementor-col-50 elementor-top-column elementor-element elementor-element-dc82c8c\" data-id=\"dc82c8c\" data-element_type=\"column\" data-e-type=\"column\">\n\t\t\t<div class=\"elementor-widget-wrap elementor-element-populated\">\n\t\t\t\t\t\t<div class=\"elementor-element elementor-element-cdfce0c aux-appear-watch-animation aux-fade-in-up-1 elementor-widget-mobile__width-initial elementor-widget elementor-widget-aux_modern_heading\" data-id=\"cdfce0c\" data-element_type=\"widget\" data-e-type=\"widget\" data-widget_type=\"aux_modern_heading.default\">\n\t\t\t\t<div class=\"elementor-widget-container\">\n\t\t\t\t\t<section class=\"aux-widget-modern-heading\">\n            <div class=\"aux-widget-inner\"><h5 class=\"aux-modern-heading-primary\">Contactez-Nous<\/h5><h2 class=\"aux-modern-heading-secondary\"><span class=\"aux-head-highlight\">Contactez-Nous<\/span><\/h2><div class=\"aux-modern-heading-description\"><p>Votre demande est en cours de traitement et nous vous r\u00e9pondrons dans les 48 heures. Merci de votre patience et de votre int\u00e9r\u00eat.<\/p><\/div><\/div>\n        <\/section>\t\t\t\t<\/div>\n\t\t\t\t<\/div>\n\t\t\t\t\t<\/div>\n\t\t<\/div>\n\t\t\t\t<div class=\"aux-parallax-section elementor-column elementor-col-50 elementor-top-column elementor-element elementor-element-42d43e3\" data-id=\"42d43e3\" data-element_type=\"column\" data-e-type=\"column\">\n\t\t\t<div class=\"elementor-widget-wrap elementor-element-populated\">\n\t\t\t\t\t\t<div class=\"elementor-element elementor-element-cc63100 aux-appear-watch-animation aux-fade-in-up-1 elementor-widget elementor-widget-aux_contact_form\" data-id=\"cc63100\" data-element_type=\"widget\" data-e-type=\"widget\" data-widget_type=\"aux_contact_form.default\">\n\t\t\t\t<div class=\"elementor-widget-container\">\n\t\t\t\t\t<section class=\"widget-container aux-widget-contact-form aux-parent-au8afdbb89\">            <div class=\"aux-col-wrapper aux-no-gutter\">\n            <!-- @TODO - The output for element here -->\n\n            \n<div class=\"wpcf7 no-js\" id=\"wpcf7-f292-o1\" lang=\"en-US\" dir=\"ltr\" data-wpcf7-id=\"292\">\n<div class=\"screen-reader-response\"><p role=\"status\" aria-live=\"polite\" aria-atomic=\"true\"><\/p> <ul><\/ul><\/div>\n<form action=\"\/index.php\/wp-json\/wp\/v2\/pages\/300#wpcf7-f292-o1\" method=\"post\" class=\"wpcf7-form init\" aria-label=\"Contact form\" novalidate=\"novalidate\" data-status=\"init\">\n<fieldset class=\"hidden-fields-container\"><input type=\"hidden\" name=\"_wpcf7\" value=\"292\" \/><input type=\"hidden\" name=\"_wpcf7_version\" value=\"6.1.5\" \/><input type=\"hidden\" name=\"_wpcf7_locale\" value=\"en_US\" \/><input type=\"hidden\" name=\"_wpcf7_unit_tag\" value=\"wpcf7-f292-o1\" \/><input type=\"hidden\" name=\"_wpcf7_container_post\" value=\"0\" \/><input type=\"hidden\" name=\"_wpcf7_posted_data_hash\" value=\"\" \/>\n<\/fieldset>\n<div class=\"aux-nextto\">\n<label>Nom\n    <span class=\"wpcf7-form-control-wrap\" data-name=\"Nom\"><input size=\"40\" maxlength=\"400\" class=\"wpcf7-form-control wpcf7-text wpcf7-validates-as-required\" aria-required=\"true\" aria-invalid=\"false\" value=\"\" type=\"text\" name=\"Nom\" \/><\/span> <\/label>\n &nbsp;&nbsp;&nbsp; \n<label> Pr\u00e9nom \n    <span class=\"wpcf7-form-control-wrap\" data-name=\"Prenom\"><input size=\"40\" maxlength=\"400\" class=\"wpcf7-form-control wpcf7-text wpcf7-validates-as-required\" aria-required=\"true\" aria-invalid=\"false\" value=\"\" type=\"text\" name=\"Prenom\" \/><\/span> <\/label>\n<\/div>\n\n\n<div class=\"aux-nextto\">\n<label> Email\n    <span class=\"wpcf7-form-control-wrap\" data-name=\"Email\"><input size=\"40\" maxlength=\"400\" class=\"wpcf7-form-control wpcf7-email wpcf7-validates-as-required wpcf7-text wpcf7-validates-as-email\" autocomplete=\"email\" aria-required=\"true\" aria-invalid=\"false\" value=\"\" type=\"email\" name=\"Email\" \/><\/span> <\/label>\n &nbsp;&nbsp;&nbsp; \n<label> Numero de t\u00e9l\u00e9phone\n    <span class=\"wpcf7-form-control-wrap\" data-name=\"numero\"><input size=\"40\" maxlength=\"400\" class=\"wpcf7-form-control wpcf7-tel wpcf7-validates-as-required wpcf7-text wpcf7-validates-as-tel\" aria-required=\"true\" aria-invalid=\"false\" value=\"\" type=\"tel\" name=\"numero\" \/><\/span><\/label>\n<\/div>\n\n<div class=\"aux-nextto\">\n<label>Entreprise\n     <span class=\"wpcf7-form-control-wrap\" data-name=\"Entreprise\"><input size=\"40\" maxlength=\"400\" class=\"wpcf7-form-control wpcf7-text wpcf7-validates-as-required\" aria-required=\"true\" aria-invalid=\"false\" value=\"\" type=\"text\" name=\"Entreprise\" \/><\/span> <\/label>\n &nbsp;&nbsp;&nbsp; \n<label> Poste\n     <span class=\"wpcf7-form-control-wrap\" data-name=\"Poste\"><input size=\"40\" maxlength=\"400\" class=\"wpcf7-form-control wpcf7-text wpcf7-validates-as-required\" aria-required=\"true\" aria-invalid=\"false\" value=\"\" type=\"text\" name=\"Poste\" \/><\/span> <\/label>\n<\/div>\n\n<label> Message\n<span class=\"wpcf7-form-control-wrap\" data-name=\"Message\"><textarea cols=\"40\" rows=\"10\" maxlength=\"2000\" class=\"wpcf7-form-control wpcf7-textarea wpcf7-validates-as-required\" aria-required=\"true\" aria-invalid=\"false\" name=\"Message\"><\/textarea><\/span><\/label>\n<input class=\"wpcf7-form-control wpcf7-submit has-spinner\" type=\"submit\" value=\"Commencer\" \/><div class=\"wpcf7-response-output\" aria-hidden=\"true\"><\/div>\n<\/form>\n<\/div>\n\n\n            <\/div><!-- aux-col-wrapper -->\n    <\/section><!-- widget-container -->\t\t\t\t<\/div>\n\t\t\t\t<\/div>\n\t\t\t\t\t<\/div>\n\t\t<\/div>\n\t\t\t\t\t<\/div>\n\t\t<\/section>\n\t\t\t\t<\/div>\n\t\t","protected":false},"excerpt":{"rendered":"<p>Contactez-Nous Contactez-Nous Votre demande est en cours de traitement et nous vous r\u00e9pondrons dans les 48 heures. Merci de votre patience et de votre int\u00e9r\u00eat. Nom &nbsp;&nbsp;&nbsp; Pr\u00e9nom Email &nbsp;&nbsp;&nbsp; Numero de t\u00e9l\u00e9phone Entreprise &nbsp;&nbsp;&nbsp; Poste Message<\/p>\n","protected":false},"author":1,"featured_media":0,"parent":0,"menu_order":0,"comment_status":"closed","ping_status":"closed","template":"templates\/page-builder-content.php","meta":{"footnotes":""},"class_list":["post-300","page","type-page","status-publish","hentry"],"yoast_head":"<!-- This site is optimized with the Yoast SEO plugin v27.4 - https:\/\/yoast.com\/product\/yoast-seo-wordpress\/ -->\n<title>Contact | KayManage<\/title>\n<meta name=\"robots\" content=\"index, follow, max-snippet:-1, max-image-preview:large, max-video-preview:-1\" \/>\n<link rel=\"canonical\" href=\"https:\/\/keymanage.com\/index.php\/contact\/\" \/>\n<meta property=\"og:locale\" content=\"en_US\" \/>\n<meta property=\"og:type\" content=\"article\" \/>\n<meta property=\"og:title\" content=\"Contact | KayManage\" \/>\n<meta property=\"og:description\" content=\"Contactez-Nous Contactez-Nous Votre demande est en cours de traitement et nous vous r\u00e9pondrons dans les 48 heures. Merci de votre patience et de votre int\u00e9r\u00eat. Nom &nbsp;&nbsp;&nbsp; Pr\u00e9nom Email &nbsp;&nbsp;&nbsp; Numero de t\u00e9l\u00e9phone Entreprise &nbsp;&nbsp;&nbsp; Poste Message\" \/>\n<meta property=\"og:url\" content=\"https:\/\/keymanage.com\/index.php\/contact\/\" \/>\n<meta property=\"og:site_name\" content=\"KayManage\" \/>\n<meta property=\"article:modified_time\" content=\"2023-10-04T11:00:41+00:00\" \/>\n<meta name=\"twitter:card\" content=\"summary_large_image\" \/>\n<meta name=\"twitter:label1\" content=\"Est. reading time\" \/>\n\t<meta name=\"twitter:data1\" content=\"1 minute\" \/>\n<script type=\"application\/ld+json\" class=\"yoast-schema-graph\">{\"@context\":\"https:\\\/\\\/schema.org\",\"@graph\":[{\"@type\":\"WebPage\",\"@id\":\"https:\\\/\\\/keymanage.com\\\/index.php\\\/contact\\\/\",\"url\":\"https:\\\/\\\/keymanage.com\\\/index.php\\\/contact\\\/\",\"name\":\"Contact | KayManage\",\"isPartOf\":{\"@id\":\"https:\\\/\\\/keymanage.com\\\/#website\"},\"datePublished\":\"2021-07-14T03:56:42+00:00\",\"dateModified\":\"2023-10-04T11:00:41+00:00\",\"breadcrumb\":{\"@id\":\"https:\\\/\\\/keymanage.com\\\/index.php\\\/contact\\\/#breadcrumb\"},\"inLanguage\":\"en-US\",\"potentialAction\":[{\"@type\":\"ReadAction\",\"target\":[\"https:\\\/\\\/keymanage.com\\\/index.php\\\/contact\\\/\"]}]},{\"@type\":\"BreadcrumbList\",\"@id\":\"https:\\\/\\\/keymanage.com\\\/index.php\\\/contact\\\/#breadcrumb\",\"itemListElement\":[{\"@type\":\"ListItem\",\"position\":1,\"name\":\"Home\",\"item\":\"https:\\\/\\\/keymanage.com\\\/\"},{\"@type\":\"ListItem\",\"position\":2,\"name\":\"Contact\"}]},{\"@type\":\"WebSite\",\"@id\":\"https:\\\/\\\/keymanage.com\\\/#website\",\"url\":\"https:\\\/\\\/keymanage.com\\\/\",\"name\":\"KayManage\",\"description\":\"Pilotez Les Yeux Ferm\u00e9s\",\"publisher\":{\"@id\":\"https:\\\/\\\/keymanage.com\\\/#organization\"},\"potentialAction\":[{\"@type\":\"SearchAction\",\"target\":{\"@type\":\"EntryPoint\",\"urlTemplate\":\"https:\\\/\\\/keymanage.com\\\/?s={search_term_string}\"},\"query-input\":{\"@type\":\"PropertyValueSpecification\",\"valueRequired\":true,\"valueName\":\"search_term_string\"}}],\"inLanguage\":\"en-US\"},{\"@type\":\"Organization\",\"@id\":\"https:\\\/\\\/keymanage.com\\\/#organization\",\"name\":\"KayManage\",\"url\":\"https:\\\/\\\/keymanage.com\\\/\",\"logo\":{\"@type\":\"ImageObject\",\"inLanguage\":\"en-US\",\"@id\":\"https:\\\/\\\/keymanage.com\\\/#\\\/schema\\\/logo\\\/image\\\/\",\"url\":\"https:\\\/\\\/keymanage.com\\\/wp-content\\\/uploads\\\/2023\\\/09\\\/Logo.svg\",\"contentUrl\":\"https:\\\/\\\/keymanage.com\\\/wp-content\\\/uploads\\\/2023\\\/09\\\/Logo.svg\",\"width\":278,\"height\":66,\"caption\":\"KayManage\"},\"image\":{\"@id\":\"https:\\\/\\\/keymanage.com\\\/#\\\/schema\\\/logo\\\/image\\\/\"},\"sameAs\":[\"https:\\\/\\\/www.linkedin.com\\\/company\\\/keymanage\\\/mycompany\\\/\"]}]}<\/script>\n<!-- \/ Yoast SEO plugin. -->","yoast_head_json":{"title":"Contact | KayManage","robots":{"index":"index","follow":"follow","max-snippet":"max-snippet:-1","max-image-preview":"max-image-preview:large","max-video-preview":"max-video-preview:-1"},"canonical":"https:\/\/keymanage.com\/index.php\/contact\/","og_locale":"en_US","og_type":"article","og_title":"Contact | KayManage","og_description":"Contactez-Nous Contactez-Nous Votre demande est en cours de traitement et nous vous r\u00e9pondrons dans les 48 heures. Merci de votre patience et de votre int\u00e9r\u00eat. Nom &nbsp;&nbsp;&nbsp; Pr\u00e9nom Email &nbsp;&nbsp;&nbsp; Numero de t\u00e9l\u00e9phone Entreprise &nbsp;&nbsp;&nbsp; Poste Message","og_url":"https:\/\/keymanage.com\/index.php\/contact\/","og_site_name":"KayManage","article_modified_time":"2023-10-04T11:00:41+00:00","twitter_card":"summary_large_image","twitter_misc":{"Est. reading time":"1 minute"},"schema":{"@context":"https:\/\/schema.org","@graph":[{"@type":"WebPage","@id":"https:\/\/keymanage.com\/index.php\/contact\/","url":"https:\/\/keymanage.com\/index.php\/contact\/","name":"Contact | KayManage","isPartOf":{"@id":"https:\/\/keymanage.com\/#website"},"datePublished":"2021-07-14T03:56:42+00:00","dateModified":"2023-10-04T11:00:41+00:00","breadcrumb":{"@id":"https:\/\/keymanage.com\/index.php\/contact\/#breadcrumb"},"inLanguage":"en-US","potentialAction":[{"@type":"ReadAction","target":["https:\/\/keymanage.com\/index.php\/contact\/"]}]},{"@type":"BreadcrumbList","@id":"https:\/\/keymanage.com\/index.php\/contact\/#breadcrumb","itemListElement":[{"@type":"ListItem","position":1,"name":"Home","item":"https:\/\/keymanage.com\/"},{"@type":"ListItem","position":2,"name":"Contact"}]},{"@type":"WebSite","@id":"https:\/\/keymanage.com\/#website","url":"https:\/\/keymanage.com\/","name":"KayManage","description":"Pilotez Les Yeux Ferm\u00e9s","publisher":{"@id":"https:\/\/keymanage.com\/#organization"},"potentialAction":[{"@type":"SearchAction","target":{"@type":"EntryPoint","urlTemplate":"https:\/\/keymanage.com\/?s={search_term_string}"},"query-input":{"@type":"PropertyValueSpecification","valueRequired":true,"valueName":"search_term_string"}}],"inLanguage":"en-US"},{"@type":"Organization","@id":"https:\/\/keymanage.com\/#organization","name":"KayManage","url":"https:\/\/keymanage.com\/","logo":{"@type":"ImageObject","inLanguage":"en-US","@id":"https:\/\/keymanage.com\/#\/schema\/logo\/image\/","url":"https:\/\/keymanage.com\/wp-content\/uploads\/2023\/09\/Logo.svg","contentUrl":"https:\/\/keymanage.com\/wp-content\/uploads\/2023\/09\/Logo.svg","width":278,"height":66,"caption":"KayManage"},"image":{"@id":"https:\/\/keymanage.com\/#\/schema\/logo\/image\/"},"sameAs":["https:\/\/www.linkedin.com\/company\/keymanage\/mycompany\/"]}]}},"_links":{"self":[{"href":"https:\/\/keymanage.com\/index.php\/wp-json\/wp\/v2\/pages\/300","targetHints":{"allow":["GET"]}}],"collection":[{"href":"https:\/\/keymanage.com\/index.php\/wp-json\/wp\/v2\/pages"}],"about":[{"href":"https:\/\/keymanage.com\/index.php\/wp-json\/wp\/v2\/types\/page"}],"author":[{"embeddable":true,"href":"https:\/\/keymanage.com\/index.php\/wp-json\/wp\/v2\/users\/1"}],"replies":[{"embeddable":true,"href":"https:\/\/keymanage.com\/index.php\/wp-json\/wp\/v2\/comments?post=300"}],"version-history":[{"count":21,"href":"https:\/\/keymanage.com\/index.php\/wp-json\/wp\/v2\/pages\/300\/revisions"}],"predecessor-version":[{"id":492,"href":"https:\/\/keymanage.com\/index.php\/wp-json\/wp\/v2\/pages\/300\/revisions\/492"}],"wp:attachment":[{"href":"https:\/\/keymanage.com\/index.php\/wp-json\/wp\/v2\/media?parent=300"}],"curies":[{"name":"wp","href":"https:\/\/api.w.org\/{rel}","templated":true}]}}